{"id":14,"date":"2024-06-26T15:31:20","date_gmt":"2024-06-26T15:31:20","guid":{"rendered":"https:\/\/konstrulux.testpw.link\/?page_id=14"},"modified":"2024-07-31T14:50:29","modified_gmt":"2024-07-31T14:50:29","slug":"privacy-policy","status":"publish","type":"page","link":"https:\/\/konstrulux.lu\/en\/politique-de-confidentialite\/","title":{"rendered":"Privacy policy"},"content":{"rendered":"\n[et_pb_section fb_built=\u00a0\u00bb1&Prime; custom_padding_last_edited=\u00a0\u00bbon|phone\u00a0\u00bb _builder_version=\u00a0\u00bb4.27.0&Prime; background_enable_color=\u00a0\u00bboff\u00a0\u00bb use_background_color_gradient=\u00a0\u00bbon\u00a0\u00bb background_color_gradient_stops=\u00a0\u00bbrgba(240,114,4,0.38) 1%|rgba(0,0,0,0.56) 56%\u00a0\u00bb background_image=\u00a0\u00bbhttps:\/\/konstrulux.lu\/wp-content\/uploads\/2024\/07\/Banner-apropos-2.jpg\u00a0\u00bb background_blend=\u00a0\u00bbmultiply\u00a0\u00bb custom_margin=\u00a0\u00bb0%||||false|false\u00a0\u00bb custom_padding=\u00a0\u00bb320px||110px||false|false\u00a0\u00bb custom_padding_tablet=\u00a0\u00bb\u00a0\u00bb custom_padding_phone=\u00a0\u00bb250px||80px||false|false\u00a0\u00bb locked=\u00a0\u00bboff\u00a0\u00bb global_colors_info=\u00a0\u00bb{}\u00a0\u00bb theme_builder_area=\u00a0\u00bbpost_content\u00a0\u00bb][et_pb_row use_custom_gutter=\u00a0\u00bbon\u00a0\u00bb gutter_width=\u00a0\u00bb2&Prime; make_equal=\u00a0\u00bbon\u00a0\u00bb _builder_version=\u00a0\u00bb4.27.0&Prime; width_tablet=\u00a0\u00bb90%\u00a0\u00bb width_phone=\u00a0\u00bb90%\u00a0\u00bb width_last_edited=\u00a0\u00bbon|phone\u00a0\u00bb max_width_tablet=\u00a0\u00bb90%\u00a0\u00bb max_width_phone=\u00a0\u00bb90%\u00a0\u00bb max_width_last_edited=\u00a0\u00bbon|phone\u00a0\u00bb custom_padding=\u00a0\u00bb14px|||||\u00a0\u00bb global_colors_info=\u00a0\u00bb{}\u00a0\u00bb theme_builder_area=\u00a0\u00bbpost_content\u00a0\u00bb][et_pb_column type=\u00a0\u00bb4_4&Prime; _builder_version=\u00a0\u00bb4.16&Prime; global_colors_info=\u00a0\u00bb{}\u00a0\u00bb theme_builder_area=\u00a0\u00bbpost_content\u00a0\u00bb][et_pb_text _builder_version=\u00a0\u00bb4.27.0&Prime; text_font=\u00a0\u00bbSora Variable|800|||||||\u00a0\u00bb text_text_color=\u00a0\u00bbrgba(240,114,4,0.5)\u00a0\u00bb text_font_size=\u00a0\u00bb304px\u00a0\u00bb header_font=\u00a0\u00bbPoppins|800||on|||||\u00a0\u00bb header_text_color=\u00a0\u00bbrgba(143,143,143,0.21)\u00a0\u00bb header_font_size=\u00a0\u00bb400px\u00a0\u00bb header_line_height=\u00a0\u00bb0em\u00a0\u00bb z_index=\u00a0\u00bb-225&Prime; custom_margin=\u00a0\u00bb|||-55px\u00a0\u00bb custom_padding_tablet=\u00a0\u00bb\u00a0\u00bb custom_padding_phone=\u00a0\u00bb|||22px|false|false\u00a0\u00bb custom_padding_last_edited=\u00a0\u00bbon|phone\u00a0\u00bb animation_style=\u00a0\u00bbslide\u00a0\u00bb animation_direction=\u00a0\u00bbbottom\u00a0\u00bb hover_enabled=\u00a0\u00bb0&Prime; text_font_size_tablet=\u00a0\u00bb304px\u00a0\u00bb text_font_size_phone=\u00a0\u00bb200px\u00a0\u00bb text_font_size_last_edited=\u00a0\u00bbon|phone\u00a0\u00bb header_font_size_tablet=\u00a0\u00bb\u00a0\u00bb header_font_size_phone=\u00a0\u00bb200px\u00a0\u00bb header_font_size_last_edited=\u00a0\u00bbon|phone\u00a0\u00bb global_colors_info=\u00a0\u00bb{}\u00a0\u00bb theme_builder_area=\u00a0\u00bbpost_content\u00a0\u00bb sticky_enabled=\u00a0\u00bb0&Prime;]P[\/et_pb_text][df_adh_heading title_prefix=\u00a0\u00bbPolitique\u00a0\u00bb title_suffix=\u00a0\u00bbde confidentialit\u00e9\u00a0\u00bb _builder_version=\u00a0\u00bb4.27.0&Prime; _module_preset=\u00a0\u00bbdefault\u00a0\u00bb title_level=\u00a0\u00bbh1&Prime; title_font=\u00a0\u00bbSora Variable|600|||||||\u00a0\u00bb title_text_color=\u00a0\u00bb#FFFFFF\u00a0\u00bb title_font_size=\u00a0\u00bb9vh\u00a0\u00bb t_prefix_text_color=\u00a0\u00bb#FFFFFF\u00a0\u00bb t_suffix_text_color=\u00a0\u00bb#F07204&Prime; animation_style=\u00a0\u00bbflip\u00a0\u00bb hover_enabled=\u00a0\u00bb0&Prime; title_font_size_tablet=\u00a0\u00bb70px\u00a0\u00bb title_font_size_phone=\u00a0\u00bb45px\u00a0\u00bb title_font_size_last_edited=\u00a0\u00bbon|phone\u00a0\u00bb locked=\u00a0\u00bboff\u00a0\u00bb global_colors_info=\u00a0\u00bb{}\u00a0\u00bb theme_builder_area=\u00a0\u00bbpost_content\u00a0\u00bb sticky_enabled=\u00a0\u00bb0&Prime;][\/df_adh_heading][dsm_button button_one_text=\u00a0\u00bbEn savoir plus\u00a0\u00bb button_one_url=\u00a0\u00bb\/a-propos\/#Apropos\u00a0\u00bb button_one_hover_animation=\u00a0\u00bbdsm-bob\u00a0\u00bb _builder_version=\u00a0\u00bb4.27.0&Prime; _module_preset=\u00a0\u00bbdefault\u00a0\u00bb custom_button_one=\u00a0\u00bbon\u00a0\u00bb button_one_text_size=\u00a0\u00bb17px\u00a0\u00bb button_one_text_color=\u00a0\u00bb#FFFFFF\u00a0\u00bb button_one_bg_use_color_gradient=\u00a0\u00bbon\u00a0\u00bb button_one_bg_color_gradient_direction=\u00a0\u00bb76deg\u00a0\u00bb button_one_bg_color_gradient_stops=\u00a0\u00bb#ef6f00 0%|#f07204 100%\u00a0\u00bb button_one_border_width=\u00a0\u00bb0px\u00a0\u00bb button_one_border_radius=\u00a0\u00bb32px\u00a0\u00bb button_one_font=\u00a0\u00bbSora Variable||||||||\u00a0\u00bb button_one_use_icon=\u00a0\u00bboff\u00a0\u00bb button_one_custom_margin=\u00a0\u00bb||||false|false\u00a0\u00bb button_one_custom_padding=\u00a0\u00bb10px|29px|10px|29px|true|true\u00a0\u00bb animation_style=\u00a0\u00bbfade\u00a0\u00bb locked=\u00a0\u00bboff\u00a0\u00bb global_colors_info=\u00a0\u00bb{}\u00a0\u00bb button_one_text_color__hover_enabled=\u00a0\u00bbon|hover\u00a0\u00bb button_one_text_color__hover=\u00a0\u00bb#FFFFFF\u00a0\u00bb button_one_custom_padding__hover_enabled=\u00a0\u00bbon|hover\u00a0\u00bb button_one_custom_padding__hover=\u00a0\u00bb10px|29px|10px|29px|true|true\u00a0\u00bb button_one_bg_color__hover_enabled=\u00a0\u00bbon|hover\u00a0\u00bb button_one_bg_color_gradient_stops__hover=\u00a0\u00bb#000000 0%|#f07204 69%\u00a0\u00bb button_one_bg_use_color_gradient__hover=\u00a0\u00bbon\u00a0\u00bb theme_builder_area=\u00a0\u00bbpost_content\u00a0\u00bb][\/dsm_button][\/et_pb_column][\/et_pb_row][\/et_pb_section][et_pb_section fb_built=\u00a0\u00bb1&Prime; custom_padding_last_edited=\u00a0\u00bbon|phone\u00a0\u00bb _builder_version=\u00a0\u00bb4.27.0&Prime; _module_preset=\u00a0\u00bbdefault\u00a0\u00bb custom_padding=\u00a0\u00bb7%||3%||false|false\u00a0\u00bb custom_padding_tablet=\u00a0\u00bb9%||3%||false|false\u00a0\u00bb custom_padding_phone=\u00a0\u00bb18%||3%||false|false\u00a0\u00bb locked=\u00a0\u00bboff\u00a0\u00bb global_colors_info=\u00a0\u00bb{}\u00a0\u00bb theme_builder_area=\u00a0\u00bbpost_content\u00a0\u00bb][et_pb_row use_custom_gutter=\u00a0\u00bbon\u00a0\u00bb gutter_width=\u00a0\u00bb2&Prime; make_equal=\u00a0\u00bbon\u00a0\u00bb _builder_version=\u00a0\u00bb4.26.0&Prime; background_color=\u00a0\u00bbRGBA(255,255,255,0)\u00a0\u00bb width=\u00a0\u00bb90%\u00a0\u00bb width_tablet=\u00a0\u00bb90%\u00a0\u00bb width_phone=\u00a0\u00bb90%\u00a0\u00bb width_last_edited=\u00a0\u00bbon|tablet\u00a0\u00bb max_width_tablet=\u00a0\u00bb90%\u00a0\u00bb max_width_phone=\u00a0\u00bb90%\u00a0\u00bb max_width_last_edited=\u00a0\u00bbon|phone\u00a0\u00bb custom_padding=\u00a0\u00bb3%||0px||false|false\u00a0\u00bb locked=\u00a0\u00bboff\u00a0\u00bb global_colors_info=\u00a0\u00bb{}\u00a0\u00bb theme_builder_area=\u00a0\u00bbpost_content\u00a0\u00bb][et_pb_column type=\u00a0\u00bb4_4&Prime; _builder_version=\u00a0\u00bb4.16&Prime; global_colors_info=\u00a0\u00bb{}\u00a0\u00bb theme_builder_area=\u00a0\u00bbpost_content\u00a0\u00bb][et_pb_text _builder_version=\u00a0\u00bb4.27.0&Prime; text_font=\u00a0\u00bbRoboto Flex||||||||\u00a0\u00bb text_text_color=\u00a0\u00bb#000000&Prime; text_font_size=\u00a0\u00bb17px\u00a0\u00bb header_2_font=\u00a0\u00bbSora Variable||||||||\u00a0\u00bb header_2_text_color=\u00a0\u00bb#F07204&Prime; header_2_font_size=\u00a0\u00bb28px\u00a0\u00bb text_orientation=\u00a0\u00bbcenter\u00a0\u00bb width_tablet=\u00a0\u00bb\u00a0\u00bb width_phone=\u00a0\u00bb100%\u00a0\u00bb width_last_edited=\u00a0\u00bbon|phone\u00a0\u00bb max_width=\u00a0\u00bb85%\u00a0\u00bb max_width_tablet=\u00a0\u00bb85%\u00a0\u00bb max_width_phone=\u00a0\u00bb100%\u00a0\u00bb max_width_last_edited=\u00a0\u00bbon|desktop\u00a0\u00bb module_alignment=\u00a0\u00bbcenter\u00a0\u00bb custom_margin_tablet=\u00a0\u00bb-15px||||false|false\u00a0\u00bb custom_margin_phone=\u00a0\u00bb-15px||||false|false\u00a0\u00bb custom_margin_last_edited=\u00a0\u00bbon|desktop\u00a0\u00bb hover_enabled=\u00a0\u00bb0&Prime; text_text_align=\u00a0\u00bbleft\u00a0\u00bb locked=\u00a0\u00bboff\u00a0\u00bb global_colors_info=\u00a0\u00bb{}\u00a0\u00bb theme_builder_area=\u00a0\u00bbpost_content\u00a0\u00bb sticky_enabled=\u00a0\u00bb0&Prime;]<h2 style=\"text-align: left;\">ARTICLE 1 : Collecte de vos informations<\/h2>\n<p style=\"text-align: left;\">Nous recueillons des informations lorsque vous remplissez nos formulaires de contact, de newsletter.<\/p>\n<p style=\"text-align: left;\">Nous pouvons r\u00e9colter les informations suivantes : votre pr\u00e9nom, votre nom, votre adresse e-mail, votre num\u00e9ro de t\u00e9l\u00e9phone, votre adresse et votre localit\u00e9.<\/p>\n<p style=\"text-align: left;\">En outre, nous pouvons recevoir et enregistrer automatiquement des informations \u00e0 partir de votre ordinateur et navigateur, y compris votre adresse IP, vos logiciels et votre mat\u00e9riel, et la page que vous demandez selon vos pr\u00e9f\u00e9rences cookies que vous avez s\u00e9lectionn\u00e9 via notre bandeau.<\/p>\n<h2 style=\"text-align: left;\">ARTICLE 2 : Utilisation de vos informations<\/h2>\n<p style=\"text-align: left;\">Toutes les informations que nous recueillons de votre part peuvent \u00eatre utilis\u00e9es pour :<\/p>\n<ul style=\"text-align: left;\">\n<li>Vous contacter de mani\u00e8re plus efficace ;<\/li>\n<li>Collecter et \u00e9tablir des statistiques pour am\u00e9liorer nos campagnes marketing et webmarketing ;<\/li>\n<li>Vous envoyer des newsletters dans le cas o\u00f9 vous \u00eates inscrit(e)s \u00e0 celles-ci ;<\/li>\n<li>Personnaliser votre exp\u00e9rience et r\u00e9pondre \u00e0 vos besoins individuels.<\/li>\n<\/ul>\n<h2 style=\"text-align: left;\">ARTICLE 3 : Confidentialit\u00e9 de vos donn\u00e9es<\/h2>\n<p style=\"text-align: left;\">Nous sommes les seuls propri\u00e9taires des informations recueillies sur notre site. Vos informations personnelles ne seront pas vendues, \u00e9chang\u00e9es, transf\u00e9r\u00e9es, ou donn\u00e9es \u00e0 une autre soci\u00e9t\u00e9 pour n\u2019importe quelle raison, sans votre consentement.<\/p>\n<h2 style=\"text-align: left;\">ARTICLE 4 : Divulgation des tiers<\/h2>\n<p style=\"text-align: left;\">Nous ne vendons, n\u2019\u00e9changeons et ne transf\u00e9rons pas vos informations personnelles identifiables \u00e0 des tiers. Cela ne comprend pas les tierce parties de confiance qui nous aident \u00e0 exploiter notre site web ou \u00e0 mener nos affaires, tant que ces parties conviennent de garder ces informations confidentielles.<\/p>\n<h2 style=\"text-align: left;\">ARTICLE 5 : Protection de vos informations<\/h2>\n<p style=\"text-align: left;\">Nous mettons en \u0153uvre une vari\u00e9t\u00e9 de mesures de s\u00e9curit\u00e9 pour pr\u00e9server la s\u00e9curit\u00e9 de vos informations personnelles. Nous utilisons un cryptage \u00e0 la pointe de la technologie pour prot\u00e9ger les informations sensibles transmises en ligne. Notre site internet poss\u00e8de bien entendu un Certificat SSL (Secure Socket Layer).<\/p>\n<p style=\"text-align: left;\">Nous prot\u00e9geons \u00e9galement vos informations hors ligne. Seuls les membres autoris\u00e9s de l\u2019entreprise qui ont besoin d\u2019effectuer un travail sp\u00e9cifique (par exemple, la facturation ou le service aux membres) ont acc\u00e8s aux informations personnelles identifiables. Les ordinateurs et serveurs utilis\u00e9s pour stocker des informations personnelles identifiables sont conserv\u00e9s dans un environnement s\u00e9curis\u00e9 par notre h\u00e9bergeur.<\/p>\n<h2 style=\"text-align: left;\">ARTICLE 6 : Copie ou suppression de vos informations<\/h2>\n<p style=\"text-align: left;\">Nous stockons les donn\u00e9es transmises via nos diff\u00e9rents formulaires de contact.<\/p>\n<p style=\"text-align: left;\">Cependant, vous avez la possibilit\u00e9 de nous contacter par e-mail \u00e0 <a href=\"mailto:b.kieffer@konstrulux.lu\">b.kieffer@konstrulux.lu<\/a> ou par t\u00e9l\u00e9phone au +352 30 99 06 pour toute demande de copie ou de suppression de vos donn\u00e9es personnelles que nous stockons.<\/p>\n<h2 style=\"text-align: left;\">ARTICLE 7 : Envoi des newsletters<\/h2>\n<p style=\"text-align: left;\">Si vous \u00eates concern\u00e9(e)s par l\u2019envoi de notre newsletter, vous pouvez en tout temps vous d\u00e9sabonner de celles-ci via une proposition sur le bas de chaque e-mail.<\/p>\n<h2 style=\"text-align: left;\">ARTICLE 8 : Politique de l\u2019h\u00e9bergeur<\/h2>\n<p style=\"text-align: left;\">Notre h\u00e9bergeur poss\u00e8de sa propre politique de confidentialit\u00e9 concernant l\u2019utilisation de vos donn\u00e9es que vous pouvez consulter en tout temps <a href=\"https:\/\/www.hostinger.fr\/politique-de-confidentialite\">ici<\/a>.<\/p>\n<h2 style=\"text-align: left;\">ARTICLE 9 : Consentement \u00e0 notre politique<\/h2>\n<p style=\"text-align: left;\">En utilisant notre site, vous consentez \u00e0 notre politique de confidentialit\u00e9 et acceptez que celle-ci puisse \u00eatre modifi\u00e9e en tout temps par l\u2019\u00e9diteur.<\/p>[\/et_pb_text][\/et_pb_column][\/et_pb_row][\/et_pb_section]\n","protected":false},"excerpt":{"rendered":"<p>P<div class=\"et_pb_module df_adh_heading df_adh_heading_0 et_animated\">\n\t\t\t\t\n\t\t\t\t\n\t\t\t\t\n\t\t\t\t\n\t\t\t\t\n\t\t\t\t\n\t\t\t\t<div class=\"et_pb_module_inner\">\n\t\t\t\t\t<div class=\"df-heading-container\">\n                \n                \n                <h1 class=\"df-heading\"><span class=\"prefix\">Politique<\/span>  <span class=\"suffix\">de confidentialit\u00e9<\/span><\/h1>\n                \n            <\/div>\n\t\t\t\t<\/div>\n\t\t\t<\/div><div class=\"et_pb_module dsm_button dsm_button_0 et_animated et_pb_bg_layout_light\">\n\t\t\t\t\n\t\t\t\t\n\t\t\t\t\n\t\t\t\t\n\t\t\t\t\n\t\t\t\t\n\t\t\t\t<div class=\"et_pb_module_inner\">\n\t\t\t\t\t<div class=\"et_pb_button_module_wrappers dsm_button_0_wrapper  et_pb_module\">\n\t\t\t\t<a class=\"et_pb_button et_pb_button_one et_pb_bg_layout_light dsm-bob \"  href=\/a-propos\/#Apropos data-dsm-lightbox-id=\"dsm_button_one_lightbox dsm_button_0\"><span>En savoir plus<\/span><\/a>\n\t\t\t<\/div>\n\t\t\t\t<\/div>\n\t\t\t<\/div>ARTICLE 1 : Collecte de vos informations Nous recueillons des informations lorsque vous remplissez nos formulaires de contact, de newsletter. Nous pouvons r\u00e9colter les informations suivantes : votre pr\u00e9nom, votre nom, votre adresse e-mail, votre num\u00e9ro de t\u00e9l\u00e9phone, votre adresse et votre localit\u00e9. En outre, nous pouvons recevoir et enregistrer automatiquement des informations \u00e0 partir de votre ordinateur et navigateur, y compris votre adresse IP, vos logiciels et votre mat\u00e9riel, et la page que vous demandez selon vos pr\u00e9f\u00e9rences cookies que vous avez s\u00e9lectionn\u00e9 via notre bandeau. ARTICLE 2 : Utilisation de vos informations Toutes les informations que nous recueillons de votre part peuvent \u00eatre utilis\u00e9es pour : Vous contacter de mani\u00e8re plus efficace ; Collecter et \u00e9tablir des statistiques pour am\u00e9liorer nos campagnes marketing et webmarketing ; Vous envoyer des newsletters dans le cas o\u00f9 vous \u00eates inscrit(e)s \u00e0 celles-ci ; Personnaliser votre [&hellip;]<\/p>\n","protected":false},"author":1,"featured_media":0,"parent":0,"menu_order":0,"comment_status":"closed","ping_status":"closed","template":"","meta":{"_acf_changed":false,"_et_pb_use_builder":"on","_et_pb_old_content":"<!-- wp:divi\/placeholder \/-->","_et_gb_content_width":"","footnotes":""},"difl_page_category":[],"class_list":["post-14","page","type-page","status-publish","hentry"],"acf":[],"yoast_head":"<!-- This site is optimized with the Yoast SEO plugin v27.3 - https:\/\/yoast.com\/product\/yoast-seo-wordpress\/ -->\n<title>Politique de confidentialit\u00e9 - Konstrulux<\/title>\n<meta name=\"robots\" content=\"noindex, follow\" \/>\n<meta property=\"og:locale\" content=\"en_GB\" \/>\n<meta property=\"og:type\" content=\"article\" \/>\n<meta property=\"og:title\" content=\"Politique de confidentialit\u00e9 - Konstrulux\" \/>\n<meta property=\"og:description\" content=\"PARTICLE 1 : Collecte de vos informations Nous recueillons des informations lorsque vous remplissez nos formulaires de contact, de newsletter. Nous pouvons r\u00e9colter les informations suivantes : votre pr\u00e9nom, votre nom, votre adresse e-mail, votre num\u00e9ro de t\u00e9l\u00e9phone, votre adresse et votre localit\u00e9. En outre, nous pouvons recevoir et enregistrer automatiquement des informations \u00e0 partir de votre ordinateur et navigateur, y compris votre adresse IP, vos logiciels et votre mat\u00e9riel, et la page que vous demandez selon vos pr\u00e9f\u00e9rences cookies que vous avez s\u00e9lectionn\u00e9 via notre bandeau. ARTICLE 2 : Utilisation de vos informations Toutes les informations que nous recueillons de votre part peuvent \u00eatre utilis\u00e9es pour : Vous contacter de mani\u00e8re plus efficace ; Collecter et \u00e9tablir des statistiques pour am\u00e9liorer nos campagnes marketing et webmarketing ; Vous envoyer des newsletters dans le cas o\u00f9 vous \u00eates inscrit(e)s \u00e0 celles-ci ; Personnaliser votre [&hellip;]\" \/>\n<meta property=\"og:url\" content=\"https:\/\/konstrulux.lu\/en\/privacy-policy\/\" \/>\n<meta property=\"og:site_name\" content=\"Konstrulux\" \/>\n<meta property=\"article:modified_time\" content=\"2024-07-31T14:50:29+00:00\" \/>\n<meta property=\"og:image\" content=\"https:\/\/konstrulux.lu\/wp-content\/uploads\/2024\/07\/Konstrulux.jpg\" \/>\n\t<meta property=\"og:image:width\" content=\"1200\" \/>\n\t<meta property=\"og:image:height\" content=\"675\" \/>\n\t<meta property=\"og:image:type\" content=\"image\/jpeg\" \/>\n<meta name=\"twitter:card\" content=\"summary_large_image\" \/>\n<meta name=\"twitter:label1\" content=\"Estimated reading time\" \/>\n\t<meta name=\"twitter:data1\" content=\"3 minutes\" \/>\n<script type=\"application\/ld+json\" class=\"yoast-schema-graph\">{\"@context\":\"https:\\\/\\\/schema.org\",\"@graph\":[{\"@type\":\"WebPage\",\"@id\":\"https:\\\/\\\/konstrulux.lu\\\/politique-de-confidentialite\\\/\",\"url\":\"https:\\\/\\\/konstrulux.lu\\\/politique-de-confidentialite\\\/\",\"name\":\"Politique de confidentialit\u00e9 - Konstrulux\",\"isPartOf\":{\"@id\":\"https:\\\/\\\/konstrulux.lu\\\/#website\"},\"datePublished\":\"2024-06-26T15:31:20+00:00\",\"dateModified\":\"2024-07-31T14:50:29+00:00\",\"breadcrumb\":{\"@id\":\"https:\\\/\\\/konstrulux.lu\\\/politique-de-confidentialite\\\/#breadcrumb\"},\"inLanguage\":\"en-GB\",\"potentialAction\":[{\"@type\":\"ReadAction\",\"target\":[\"https:\\\/\\\/konstrulux.lu\\\/politique-de-confidentialite\\\/\"]}]},{\"@type\":\"BreadcrumbList\",\"@id\":\"https:\\\/\\\/konstrulux.lu\\\/politique-de-confidentialite\\\/#breadcrumb\",\"itemListElement\":[{\"@type\":\"ListItem\",\"position\":1,\"name\":\"Accueil\",\"item\":\"https:\\\/\\\/konstrulux.lu\\\/\"},{\"@type\":\"ListItem\",\"position\":2,\"name\":\"Politique de confidentialit\u00e9\"}]},{\"@type\":\"WebSite\",\"@id\":\"https:\\\/\\\/konstrulux.lu\\\/#website\",\"url\":\"https:\\\/\\\/konstrulux.lu\\\/\",\"name\":\"Konstrulux\",\"description\":\"\",\"publisher\":{\"@id\":\"https:\\\/\\\/konstrulux.lu\\\/#organization\"},\"potentialAction\":[{\"@type\":\"SearchAction\",\"target\":{\"@type\":\"EntryPoint\",\"urlTemplate\":\"https:\\\/\\\/konstrulux.lu\\\/?s={search_term_string}\"},\"query-input\":{\"@type\":\"PropertyValueSpecification\",\"valueRequired\":true,\"valueName\":\"search_term_string\"}}],\"inLanguage\":\"en-GB\"},{\"@type\":\"Organization\",\"@id\":\"https:\\\/\\\/konstrulux.lu\\\/#organization\",\"name\":\"Konstrulux\",\"url\":\"https:\\\/\\\/konstrulux.lu\\\/\",\"logo\":{\"@type\":\"ImageObject\",\"inLanguage\":\"en-GB\",\"@id\":\"https:\\\/\\\/konstrulux.lu\\\/#\\\/schema\\\/logo\\\/image\\\/\",\"url\":\"https:\\\/\\\/konstrulux.lu\\\/wp-content\\\/uploads\\\/2024\\\/07\\\/logo-site-web.jpg\",\"contentUrl\":\"https:\\\/\\\/konstrulux.lu\\\/wp-content\\\/uploads\\\/2024\\\/07\\\/logo-site-web.jpg\",\"width\":696,\"height\":696,\"caption\":\"Konstrulux\"},\"image\":{\"@id\":\"https:\\\/\\\/konstrulux.lu\\\/#\\\/schema\\\/logo\\\/image\\\/\"}}]}<\/script>\n<!-- \/ Yoast SEO plugin. -->","yoast_head_json":{"title":"Privacy policy - Konstrulux","robots":{"index":"noindex","follow":"follow"},"og_locale":"en_GB","og_type":"article","og_title":"Politique de confidentialit\u00e9 - Konstrulux","og_description":"PARTICLE 1 : Collecte de vos informations Nous recueillons des informations lorsque vous remplissez nos formulaires de contact, de newsletter. Nous pouvons r\u00e9colter les informations suivantes : votre pr\u00e9nom, votre nom, votre adresse e-mail, votre num\u00e9ro de t\u00e9l\u00e9phone, votre adresse et votre localit\u00e9. En outre, nous pouvons recevoir et enregistrer automatiquement des informations \u00e0 partir de votre ordinateur et navigateur, y compris votre adresse IP, vos logiciels et votre mat\u00e9riel, et la page que vous demandez selon vos pr\u00e9f\u00e9rences cookies que vous avez s\u00e9lectionn\u00e9 via notre bandeau. ARTICLE 2 : Utilisation de vos informations Toutes les informations que nous recueillons de votre part peuvent \u00eatre utilis\u00e9es pour : Vous contacter de mani\u00e8re plus efficace ; Collecter et \u00e9tablir des statistiques pour am\u00e9liorer nos campagnes marketing et webmarketing ; Vous envoyer des newsletters dans le cas o\u00f9 vous \u00eates inscrit(e)s \u00e0 celles-ci ; Personnaliser votre [&hellip;]","og_url":"https:\/\/konstrulux.lu\/en\/privacy-policy\/","og_site_name":"Konstrulux","article_modified_time":"2024-07-31T14:50:29+00:00","og_image":[{"width":1200,"height":675,"url":"https:\/\/konstrulux.lu\/wp-content\/uploads\/2024\/07\/Konstrulux.jpg","type":"image\/jpeg"}],"twitter_card":"summary_large_image","twitter_misc":{"Estimated reading time":"3 minutes"},"schema":{"@context":"https:\/\/schema.org","@graph":[{"@type":"WebPage","@id":"https:\/\/konstrulux.lu\/politique-de-confidentialite\/","url":"https:\/\/konstrulux.lu\/politique-de-confidentialite\/","name":"Privacy policy - Konstrulux","isPartOf":{"@id":"https:\/\/konstrulux.lu\/#website"},"datePublished":"2024-06-26T15:31:20+00:00","dateModified":"2024-07-31T14:50:29+00:00","breadcrumb":{"@id":"https:\/\/konstrulux.lu\/politique-de-confidentialite\/#breadcrumb"},"inLanguage":"en-GB","potentialAction":[{"@type":"ReadAction","target":["https:\/\/konstrulux.lu\/politique-de-confidentialite\/"]}]},{"@type":"BreadcrumbList","@id":"https:\/\/konstrulux.lu\/politique-de-confidentialite\/#breadcrumb","itemListElement":[{"@type":"ListItem","position":1,"name":"Accueil","item":"https:\/\/konstrulux.lu\/"},{"@type":"ListItem","position":2,"name":"Politique de confidentialit\u00e9"}]},{"@type":"WebSite","@id":"https:\/\/konstrulux.lu\/#website","url":"https:\/\/konstrulux.lu\/","name":"Konstrulux","description":"","publisher":{"@id":"https:\/\/konstrulux.lu\/#organization"},"potentialAction":[{"@type":"SearchAction","target":{"@type":"EntryPoint","urlTemplate":"https:\/\/konstrulux.lu\/?s={search_term_string}"},"query-input":{"@type":"PropertyValueSpecification","valueRequired":true,"valueName":"search_term_string"}}],"inLanguage":"en-GB"},{"@type":"Organization","@id":"https:\/\/konstrulux.lu\/#organization","name":"Konstrulux","url":"https:\/\/konstrulux.lu\/","logo":{"@type":"ImageObject","inLanguage":"en-GB","@id":"https:\/\/konstrulux.lu\/#\/schema\/logo\/image\/","url":"https:\/\/konstrulux.lu\/wp-content\/uploads\/2024\/07\/logo-site-web.jpg","contentUrl":"https:\/\/konstrulux.lu\/wp-content\/uploads\/2024\/07\/logo-site-web.jpg","width":696,"height":696,"caption":"Konstrulux"},"image":{"@id":"https:\/\/konstrulux.lu\/#\/schema\/logo\/image\/"}}]}},"_links":{"self":[{"href":"https:\/\/konstrulux.lu\/en\/wp-json\/wp\/v2\/pages\/14","targetHints":{"allow":["GET"]}}],"collection":[{"href":"https:\/\/konstrulux.lu\/en\/wp-json\/wp\/v2\/pages"}],"about":[{"href":"https:\/\/konstrulux.lu\/en\/wp-json\/wp\/v2\/types\/page"}],"author":[{"embeddable":true,"href":"https:\/\/konstrulux.lu\/en\/wp-json\/wp\/v2\/users\/1"}],"replies":[{"embeddable":true,"href":"https:\/\/konstrulux.lu\/en\/wp-json\/wp\/v2\/comments?post=14"}],"version-history":[{"count":4,"href":"https:\/\/konstrulux.lu\/en\/wp-json\/wp\/v2\/pages\/14\/revisions"}],"predecessor-version":[{"id":230539,"href":"https:\/\/konstrulux.lu\/en\/wp-json\/wp\/v2\/pages\/14\/revisions\/230539"}],"wp:attachment":[{"href":"https:\/\/konstrulux.lu\/en\/wp-json\/wp\/v2\/media?parent=14"}],"wp:term":[{"taxonomy":"difl_page_category","embeddable":true,"href":"https:\/\/konstrulux.lu\/en\/wp-json\/wp\/v2\/difl_page_category?post=14"}],"curies":[{"name":"wp","href":"https:\/\/api.w.org\/{rel}","templated":true}]}}