{"id":16,"date":"2024-06-26T15:31:32","date_gmt":"2024-06-26T15:31:32","guid":{"rendered":"https:\/\/konstrulux.testpw.link\/?page_id=16"},"modified":"2024-07-31T14:50:40","modified_gmt":"2024-07-31T14:50:40","slug":"legal-information","status":"publish","type":"page","link":"https:\/\/konstrulux.lu\/en\/mentions-legales\/","title":{"rendered":"Legal information"},"content":{"rendered":"\n[et_pb_section fb_built=\u00a0\u00bb1&Prime; custom_padding_last_edited=\u00a0\u00bbon|phone\u00a0\u00bb _builder_version=\u00a0\u00bb4.27.0&Prime; background_enable_color=\u00a0\u00bboff\u00a0\u00bb use_background_color_gradient=\u00a0\u00bbon\u00a0\u00bb background_color_gradient_stops=\u00a0\u00bbrgba(240,114,4,0.38) 1%|rgba(0,0,0,0.56) 56%\u00a0\u00bb background_image=\u00a0\u00bbhttps:\/\/konstrulux.lu\/wp-content\/uploads\/2024\/07\/Banner-apropos-2.jpg\u00a0\u00bb background_blend=\u00a0\u00bbmultiply\u00a0\u00bb custom_margin=\u00a0\u00bb0%||||false|false\u00a0\u00bb custom_padding=\u00a0\u00bb320px||110px||false|false\u00a0\u00bb custom_padding_tablet=\u00a0\u00bb\u00a0\u00bb custom_padding_phone=\u00a0\u00bb250px||80px||false|false\u00a0\u00bb locked=\u00a0\u00bboff\u00a0\u00bb global_colors_info=\u00a0\u00bb{}\u00a0\u00bb theme_builder_area=\u00a0\u00bbpost_content\u00a0\u00bb][et_pb_row use_custom_gutter=\u00a0\u00bbon\u00a0\u00bb gutter_width=\u00a0\u00bb2&Prime; make_equal=\u00a0\u00bbon\u00a0\u00bb _builder_version=\u00a0\u00bb4.27.0&Prime; width_tablet=\u00a0\u00bb90%\u00a0\u00bb width_phone=\u00a0\u00bb90%\u00a0\u00bb width_last_edited=\u00a0\u00bbon|phone\u00a0\u00bb max_width_tablet=\u00a0\u00bb90%\u00a0\u00bb max_width_phone=\u00a0\u00bb90%\u00a0\u00bb max_width_last_edited=\u00a0\u00bbon|phone\u00a0\u00bb custom_padding=\u00a0\u00bb14px|||||\u00a0\u00bb global_colors_info=\u00a0\u00bb{}\u00a0\u00bb theme_builder_area=\u00a0\u00bbpost_content\u00a0\u00bb][et_pb_column type=\u00a0\u00bb4_4&Prime; _builder_version=\u00a0\u00bb4.16&Prime; global_colors_info=\u00a0\u00bb{}\u00a0\u00bb theme_builder_area=\u00a0\u00bbpost_content\u00a0\u00bb][et_pb_text _builder_version=\u00a0\u00bb4.27.0&Prime; text_font=\u00a0\u00bbSora Variable|800|||||||\u00a0\u00bb text_text_color=\u00a0\u00bbrgba(240,114,4,0.5)\u00a0\u00bb text_font_size=\u00a0\u00bb304px\u00a0\u00bb header_font=\u00a0\u00bbPoppins|800||on|||||\u00a0\u00bb header_text_color=\u00a0\u00bbrgba(143,143,143,0.21)\u00a0\u00bb header_font_size=\u00a0\u00bb400px\u00a0\u00bb header_line_height=\u00a0\u00bb0em\u00a0\u00bb z_index=\u00a0\u00bb-225&Prime; custom_margin=\u00a0\u00bb|||-55px\u00a0\u00bb custom_padding_tablet=\u00a0\u00bb\u00a0\u00bb custom_padding_phone=\u00a0\u00bb|||22px|false|false\u00a0\u00bb custom_padding_last_edited=\u00a0\u00bbon|phone\u00a0\u00bb animation_style=\u00a0\u00bbslide\u00a0\u00bb animation_direction=\u00a0\u00bbbottom\u00a0\u00bb hover_enabled=\u00a0\u00bb0&Prime; text_font_size_tablet=\u00a0\u00bb304px\u00a0\u00bb text_font_size_phone=\u00a0\u00bb200px\u00a0\u00bb text_font_size_last_edited=\u00a0\u00bbon|phone\u00a0\u00bb header_font_size_tablet=\u00a0\u00bb\u00a0\u00bb header_font_size_phone=\u00a0\u00bb200px\u00a0\u00bb header_font_size_last_edited=\u00a0\u00bbon|phone\u00a0\u00bb global_colors_info=\u00a0\u00bb{}\u00a0\u00bb theme_builder_area=\u00a0\u00bbpost_content\u00a0\u00bb sticky_enabled=\u00a0\u00bb0&Prime;]M[\/et_pb_text][df_adh_heading title_prefix=\u00a0\u00bbMentions\u00a0\u00bb title_suffix=\u00a0\u00bbL\u00e9gales\u00a0\u00bb _builder_version=\u00a0\u00bb4.27.0&Prime; _module_preset=\u00a0\u00bbdefault\u00a0\u00bb title_level=\u00a0\u00bbh1&Prime; title_font=\u00a0\u00bbSora Variable|600|||||||\u00a0\u00bb title_text_color=\u00a0\u00bb#FFFFFF\u00a0\u00bb title_font_size=\u00a0\u00bb9vh\u00a0\u00bb t_prefix_text_color=\u00a0\u00bb#FFFFFF\u00a0\u00bb t_suffix_text_color=\u00a0\u00bb#F07204&Prime; animation_style=\u00a0\u00bbflip\u00a0\u00bb hover_enabled=\u00a0\u00bb0&Prime; title_font_size_tablet=\u00a0\u00bb70px\u00a0\u00bb title_font_size_phone=\u00a0\u00bb45px\u00a0\u00bb title_font_size_last_edited=\u00a0\u00bbon|phone\u00a0\u00bb locked=\u00a0\u00bboff\u00a0\u00bb global_colors_info=\u00a0\u00bb{}\u00a0\u00bb theme_builder_area=\u00a0\u00bbpost_content\u00a0\u00bb sticky_enabled=\u00a0\u00bb0&Prime;][\/df_adh_heading][dsm_button button_one_text=\u00a0\u00bbEn savoir plus\u00a0\u00bb button_one_url=\u00a0\u00bb\/a-propos\/#Apropos\u00a0\u00bb button_one_hover_animation=\u00a0\u00bbdsm-bob\u00a0\u00bb _builder_version=\u00a0\u00bb4.27.0&Prime; _module_preset=\u00a0\u00bbdefault\u00a0\u00bb custom_button_one=\u00a0\u00bbon\u00a0\u00bb button_one_text_size=\u00a0\u00bb17px\u00a0\u00bb button_one_text_color=\u00a0\u00bb#FFFFFF\u00a0\u00bb button_one_bg_use_color_gradient=\u00a0\u00bbon\u00a0\u00bb button_one_bg_color_gradient_direction=\u00a0\u00bb76deg\u00a0\u00bb button_one_bg_color_gradient_stops=\u00a0\u00bb#ef6f00 0%|#f07204 100%\u00a0\u00bb button_one_border_width=\u00a0\u00bb0px\u00a0\u00bb button_one_border_radius=\u00a0\u00bb32px\u00a0\u00bb button_one_font=\u00a0\u00bbSora Variable||||||||\u00a0\u00bb button_one_use_icon=\u00a0\u00bboff\u00a0\u00bb button_one_custom_margin=\u00a0\u00bb||||false|false\u00a0\u00bb button_one_custom_padding=\u00a0\u00bb10px|29px|10px|29px|true|true\u00a0\u00bb animation_style=\u00a0\u00bbfade\u00a0\u00bb locked=\u00a0\u00bboff\u00a0\u00bb global_colors_info=\u00a0\u00bb{}\u00a0\u00bb button_one_text_color__hover_enabled=\u00a0\u00bbon|hover\u00a0\u00bb button_one_text_color__hover=\u00a0\u00bb#FFFFFF\u00a0\u00bb button_one_custom_padding__hover_enabled=\u00a0\u00bbon|hover\u00a0\u00bb button_one_custom_padding__hover=\u00a0\u00bb10px|29px|10px|29px|true|true\u00a0\u00bb button_one_bg_color__hover_enabled=\u00a0\u00bbon|hover\u00a0\u00bb button_one_bg_color_gradient_stops__hover=\u00a0\u00bb#000000 0%|#f07204 69%\u00a0\u00bb button_one_bg_use_color_gradient__hover=\u00a0\u00bbon\u00a0\u00bb theme_builder_area=\u00a0\u00bbpost_content\u00a0\u00bb][\/dsm_button][\/et_pb_column][\/et_pb_row][\/et_pb_section][et_pb_section fb_built=\u00a0\u00bb1&Prime; custom_padding_last_edited=\u00a0\u00bbon|phone\u00a0\u00bb _builder_version=\u00a0\u00bb4.27.0&Prime; _module_preset=\u00a0\u00bbdefault\u00a0\u00bb custom_padding=\u00a0\u00bb7%||3%||false|false\u00a0\u00bb custom_padding_tablet=\u00a0\u00bb9%||3%||false|false\u00a0\u00bb custom_padding_phone=\u00a0\u00bb18%||3%||false|false\u00a0\u00bb hover_enabled=\u00a0\u00bb0&Prime; locked=\u00a0\u00bboff\u00a0\u00bb global_colors_info=\u00a0\u00bb{}\u00a0\u00bb theme_builder_area=\u00a0\u00bbpost_content\u00a0\u00bb sticky_enabled=\u00a0\u00bb0&Prime;][et_pb_row use_custom_gutter=\u00a0\u00bbon\u00a0\u00bb gutter_width=\u00a0\u00bb2&Prime; make_equal=\u00a0\u00bbon\u00a0\u00bb _builder_version=\u00a0\u00bb4.26.0&Prime; background_color=\u00a0\u00bbRGBA(255,255,255,0)\u00a0\u00bb width=\u00a0\u00bb90%\u00a0\u00bb width_tablet=\u00a0\u00bb90%\u00a0\u00bb width_phone=\u00a0\u00bb90%\u00a0\u00bb width_last_edited=\u00a0\u00bbon|tablet\u00a0\u00bb max_width_tablet=\u00a0\u00bb90%\u00a0\u00bb max_width_phone=\u00a0\u00bb90%\u00a0\u00bb max_width_last_edited=\u00a0\u00bbon|phone\u00a0\u00bb custom_padding=\u00a0\u00bb3%||0px||false|false\u00a0\u00bb locked=\u00a0\u00bboff\u00a0\u00bb global_colors_info=\u00a0\u00bb{}\u00a0\u00bb theme_builder_area=\u00a0\u00bbpost_content\u00a0\u00bb][et_pb_column type=\u00a0\u00bb4_4&Prime; _builder_version=\u00a0\u00bb4.16&Prime; global_colors_info=\u00a0\u00bb{}\u00a0\u00bb theme_builder_area=\u00a0\u00bbpost_content\u00a0\u00bb][et_pb_text _builder_version=\u00a0\u00bb4.27.0&Prime; text_font=\u00a0\u00bbRoboto Flex||||||||\u00a0\u00bb text_text_color=\u00a0\u00bb#000000&Prime; text_font_size=\u00a0\u00bb17px\u00a0\u00bb text_orientation=\u00a0\u00bbcenter\u00a0\u00bb width_tablet=\u00a0\u00bb\u00a0\u00bb width_phone=\u00a0\u00bb100%\u00a0\u00bb width_last_edited=\u00a0\u00bbon|phone\u00a0\u00bb max_width=\u00a0\u00bb85%\u00a0\u00bb max_width_tablet=\u00a0\u00bb85%\u00a0\u00bb max_width_phone=\u00a0\u00bb100%\u00a0\u00bb max_width_last_edited=\u00a0\u00bbon|desktop\u00a0\u00bb module_alignment=\u00a0\u00bbcenter\u00a0\u00bb custom_margin_tablet=\u00a0\u00bb-15px||||false|false\u00a0\u00bb custom_margin_phone=\u00a0\u00bb-15px||||false|false\u00a0\u00bb custom_margin_last_edited=\u00a0\u00bbon|desktop\u00a0\u00bb hover_enabled=\u00a0\u00bb0&Prime; text_text_align=\u00a0\u00bbleft\u00a0\u00bb locked=\u00a0\u00bboff\u00a0\u00bb global_colors_info=\u00a0\u00bb{}\u00a0\u00bb theme_builder_area=\u00a0\u00bbpost_content\u00a0\u00bb sticky_enabled=\u00a0\u00bb0&Prime; header_2_font=\u00a0\u00bbSora Variable||||||||\u00a0\u00bb header_2_font_size=\u00a0\u00bb28px\u00a0\u00bb header_2_text_color=\u00a0\u00bb#F07204&Prime;]<h2 style=\"text-align: left;\">1 \u2013 \u00c9dition du site<\/h2>\n<p style=\"text-align: left;\">En vertu de l\u2019article 6 de la loi n\u00b0 2004-575 du 21 juin 2004 pour la confiance dans l\u2019\u00e9conomie num\u00e9rique, il est pr\u00e9cis\u00e9 aux utilisateurs du site internet konstrlux.lu l\u2019identit\u00e9 des diff\u00e9rents intervenants dans le cadre de sa r\u00e9alisation et de son suivi:<\/p>\n<p style=\"text-align: left;\">Propri\u00e9taire du site : Konstrulux \u2013 Contact : <a href=\"mailto:b.kieffer@konstrulux.lu\">b.kieffer@konstrulux.lu<\/a> \u2013 +352 30 99 06 \u2013 Adresse : 1 Op der Dresch, L-8280 Kehlen, Luxembourg.<\/p>\n<p style=\"text-align: left;\">Identification de l\u2019entreprise : SARL Konstrulux &#8211; Adresse postale : 1 Op der Dresch, L-8280 Kehlen, Luxembourg.<\/p>\n<p style=\"text-align: left;\">Directeur de la publication : Bob Kieffer \u2013 Contact : <a href=\"mailto:b.kieffer@konstrulux.lu\">b.kieffer@konstrulux.lu<\/a>.<\/p>\n<p style=\"text-align: left;\">H\u00e9bergeur : Hostinger, UAB Jonavos g. 60C, 44192 Kaunas, Lituanie.<\/p>\n<p style=\"text-align: left;\">D\u00e9l\u00e9gu\u00e9 \u00e0 la protection des donn\u00e9es : Bob Kieffer \u2013 <a href=\"mailto:b.kieffer@konstrulux.lu\">b.kieffer@konstrulux.lu<\/a>.<\/p>\n<p style=\"text-align: left;\">Autres contributeurs :<\/p>\n<h2 style=\"text-align: left;\">2 \u2013 Propri\u00e9t\u00e9 intellectuelle et contrefa\u00e7ons<\/h2>\n<p style=\"text-align: left;\">Konstrulux est propri\u00e9taire des droits de propri\u00e9t\u00e9 intellectuelle et d\u00e9tient les droits d\u2019usage sur tous les \u00e9l\u00e9ments accessibles sur le site internet, notamment les textes, images, graphismes, logos, vid\u00e9os, architecture, ic\u00f4nes et sons.<\/p>\n<p style=\"text-align: left;\">Toute reproduction, repr\u00e9sentation, modification, publication, adaptation de tout ou partie des \u00e9l\u00e9ments du site, quel que soit le moyen ou le proc\u00e9d\u00e9 utilis\u00e9, est interdite, sauf autorisation \u00e9crite pr\u00e9alable de Konstrulux.<\/p>\n<p style=\"text-align: left;\">Toute exploitation non autoris\u00e9e du site ou de l\u2019un quelconque des \u00e9l\u00e9ments qu\u2019il contient sera consid\u00e9r\u00e9e comme constitutive d\u2019une contrefa\u00e7on et poursuivie conform\u00e9ment aux dispositions des articles L.335-2 et suivants du Code de Propri\u00e9t\u00e9 Intellectuelle.<\/p>\n<h2 style=\"text-align: left;\">3 \u2013 Limitations de responsabilit\u00e9<\/h2>\n<p style=\"text-align: left;\">Konstrulux ne pourra \u00eatre tenu pour responsable des dommages directs et indirects caus\u00e9s au mat\u00e9riel de l\u2019utilisateur, lors de l\u2019acc\u00e8s au site konstrulux.lu.<\/p>\n<p style=\"text-align: left;\">Konstrulux d\u00e9cline toute responsabilit\u00e9 quant \u00e0 l\u2019utilisation qui pourrait \u00eatre faite des informations et contenus pr\u00e9sents sur konstrulux.lu.<\/p>\n<p style=\"text-align: left;\">Konstrulux s\u2019engage \u00e0 s\u00e9curiser au mieux le site [URL DU SITE], cependant sa responsabilit\u00e9 ne pourra \u00eatre mise en cause si des donn\u00e9es ind\u00e9sirables sont import\u00e9es et install\u00e9es sur son site \u00e0 son insu.<\/p>\n<p style=\"text-align: left;\">Des espaces interactifs (espace contact ou commentaires) sont \u00e0 la disposition des utilisateurs. Konstrulux se r\u00e9serve le droit de supprimer, sans mise en demeure pr\u00e9alable, tout contenu d\u00e9pos\u00e9 dans cet espace qui contreviendrait \u00e0 la l\u00e9gislation applicable en France, en particulier aux dispositions relatives \u00e0 la protection des donn\u00e9es.<\/p>\n<p style=\"text-align: left;\">Le cas \u00e9ch\u00e9ant, Konstrulux se r\u00e9serve \u00e9galement la possibilit\u00e9 de mettre en cause la responsabilit\u00e9 civile et\/ou p\u00e9nale de l\u2019utilisateur, notamment en cas de message \u00e0 caract\u00e8re raciste, injurieux, diffamant, ou pornographique, quel que soit le support utilis\u00e9 (texte, photographie \u2026).<\/p>\n<h2 style=\"text-align: left;\">4 \u2013 CNIL et gestion des donn\u00e9es personnelles<\/h2>\n<p style=\"text-align: left;\">Conform\u00e9ment aux dispositions de la loi 78-17 du 6 janvier 1978 modifi\u00e9e, l\u2019utilisateur du site [URL DU SITE] dispose d\u2019un droit d\u2019acc\u00e8s, de modification et de suppression des informations collect\u00e9es. Pour exercer ce droit, envoyez un message \u00e0 notre D\u00e9l\u00e9gu\u00e9 \u00e0 la Protection des Donn\u00e9es : Bob Kieffer \u2013 <a href=\"mailto:b.kieffer@konstrulux.lu\">b.kieffer@konstrulux.lu<\/a>.<\/p>\n<p style=\"text-align: left;\">Pour plus d\u2019informations sur la fa\u00e7on dont nous traitons vos donn\u00e9es (type de donn\u00e9es, finalit\u00e9, destinataire\u2026), lisez notre <a href=\"[URL POLITIQUE DE CONFIDENTIALITE]\">politique de confidentialit\u00e9<\/a>.<\/p>\n<h2 style=\"text-align: left;\">5 \u2013 Liens hypertextes et cookies<\/h2>\n<p style=\"text-align: left;\">Le site konstrulux.lu contient des liens hypertextes vers d\u2019autres sites et d\u00e9gage toute responsabilit\u00e9 \u00e0 propos de ces liens externes ou des liens cr\u00e9\u00e9s par d\u2019autres sites vers konstrulux.lu.<\/p>\n<p style=\"text-align: left;\">La navigation sur le site konstrulux.lu est susceptible de provoquer l\u2019installation de cookie(s) sur l\u2019ordinateur de l\u2019utilisateur.<\/p>\n<p style=\"text-align: left;\">Un \u00ab cookie \u00bb est un fichier de petite taille qui enregistre des informations relatives \u00e0 la navigation d\u2019un utilisateur sur un site. Les donn\u00e9es ainsi obtenues permettent d\u2019obtenir des mesures de fr\u00e9quentation, par exemple.<\/p>\n<p style=\"text-align: left;\">Vous avez la possibilit\u00e9 d\u2019accepter ou de refuser les cookies en modifiant les param\u00e8tres de votre navigateur. Aucun cookie ne sera d\u00e9pos\u00e9 sans votre consentement.<\/p>\n<p style=\"text-align: left;\">Les cookies sont enregistr\u00e9s pour une dur\u00e9e maximale de 12 mois.<\/p>\n<p style=\"text-align: left;\">Pour plus d\u2019informations sur la fa\u00e7on dont nous faisons usage des cookies, lisez notre <a href=\"[URL POLITIQUE DE CONFIDENTIALITE]\">politique de confidentialit\u00e9<\/a>.<\/p>\n<h2 style=\"text-align: left;\">6 \u2013 Droit applicable et attribution de juridiction<\/h2>\n<p style=\"text-align: left;\">Tout litige en relation avec l\u2019utilisation du site konstrulux.lu est soumis au droit fran\u00e7ais. En dehors des cas o\u00f9 la loi ne le permet pas, il est fait attribution exclusive de juridiction aux tribunaux comp\u00e9tents du Luxembourg.<\/p>[\/et_pb_text][\/et_pb_column][\/et_pb_row][\/et_pb_section]\n","protected":false},"excerpt":{"rendered":"<p>M<div class=\"et_pb_module df_adh_heading df_adh_heading_0 et_animated\">\n\t\t\t\t\n\t\t\t\t\n\t\t\t\t\n\t\t\t\t\n\t\t\t\t\n\t\t\t\t\n\t\t\t\t<div class=\"et_pb_module_inner\">\n\t\t\t\t\t<div class=\"df-heading-container\">\n                \n                \n                <h1 class=\"df-heading\"><span class=\"prefix\">Mentions<\/span>  <span class=\"suffix\">L\u00e9gales<\/span><\/h1>\n                \n            <\/div>\n\t\t\t\t<\/div>\n\t\t\t<\/div><div class=\"et_pb_module dsm_button dsm_button_0 et_animated et_pb_bg_layout_light\">\n\t\t\t\t\n\t\t\t\t\n\t\t\t\t\n\t\t\t\t\n\t\t\t\t\n\t\t\t\t\n\t\t\t\t<div class=\"et_pb_module_inner\">\n\t\t\t\t\t<div class=\"et_pb_button_module_wrappers dsm_button_0_wrapper  et_pb_module\">\n\t\t\t\t<a class=\"et_pb_button et_pb_button_one et_pb_bg_layout_light dsm-bob \"  href=\/a-propos\/#Apropos data-dsm-lightbox-id=\"dsm_button_one_lightbox dsm_button_0\"><span>En savoir plus<\/span><\/a>\n\t\t\t<\/div>\n\t\t\t\t<\/div>\n\t\t\t<\/div>1 \u2013 \u00c9dition du site En vertu de l\u2019article 6 de la loi n\u00b0 2004-575 du 21 juin 2004 pour la confiance dans l\u2019\u00e9conomie num\u00e9rique, il est pr\u00e9cis\u00e9 aux utilisateurs du site internet konstrlux.lu l\u2019identit\u00e9 des diff\u00e9rents intervenants dans le cadre de sa r\u00e9alisation et de son suivi: Propri\u00e9taire du site : Konstrulux \u2013 Contact : b.kieffer@konstrulux.lu \u2013 +352 30 99 06 \u2013 Adresse : 1 Op der Dresch, L-8280 Kehlen, Luxembourg. Identification de l\u2019entreprise : SARL Konstrulux &#8211; Adresse postale : 1 Op der Dresch, L-8280 Kehlen, Luxembourg. Directeur de la publication : Bob Kieffer \u2013 Contact : b.kieffer@konstrulux.lu. H\u00e9bergeur : Hostinger, UAB Jonavos g. 60C, 44192 Kaunas, Lituanie. D\u00e9l\u00e9gu\u00e9 \u00e0 la protection des donn\u00e9es : Bob Kieffer \u2013 b.kieffer@konstrulux.lu. Autres contributeurs : 2 \u2013 Propri\u00e9t\u00e9 intellectuelle et contrefa\u00e7ons Konstrulux est propri\u00e9taire des droits de propri\u00e9t\u00e9 intellectuelle et d\u00e9tient les droits d\u2019usage sur tous [&hellip;]<\/p>\n","protected":false},"author":1,"featured_media":0,"parent":0,"menu_order":0,"comment_status":"closed","ping_status":"closed","template":"","meta":{"_acf_changed":false,"_et_pb_use_builder":"on","_et_pb_old_content":"<!-- wp:divi\/placeholder \/-->","_et_gb_content_width":"","footnotes":""},"difl_page_category":[],"class_list":["post-16","page","type-page","status-publish","hentry"],"acf":[],"yoast_head":"<!-- This site is optimized with the Yoast SEO plugin v27.3 - https:\/\/yoast.com\/product\/yoast-seo-wordpress\/ -->\n<title>Mentions l\u00e9gales - Konstrulux<\/title>\n<meta name=\"robots\" content=\"noindex, follow\" \/>\n<meta property=\"og:locale\" content=\"en_GB\" \/>\n<meta property=\"og:type\" content=\"article\" \/>\n<meta property=\"og:title\" content=\"Mentions l\u00e9gales - Konstrulux\" \/>\n<meta property=\"og:description\" content=\"M1 \u2013 \u00c9dition du site En vertu de l\u2019article 6 de la loi n\u00b0 2004-575 du 21 juin 2004 pour la confiance dans l\u2019\u00e9conomie num\u00e9rique, il est pr\u00e9cis\u00e9 aux utilisateurs du site internet konstrlux.lu l\u2019identit\u00e9 des diff\u00e9rents intervenants dans le cadre de sa r\u00e9alisation et de son suivi: Propri\u00e9taire du site : Konstrulux \u2013 Contact : b.kieffer@konstrulux.lu \u2013 +352 30 99 06 \u2013 Adresse : 1 Op der Dresch, L-8280 Kehlen, Luxembourg. Identification de l\u2019entreprise : SARL Konstrulux - Adresse postale : 1 Op der Dresch, L-8280 Kehlen, Luxembourg. Directeur de la publication : Bob Kieffer \u2013 Contact : b.kieffer@konstrulux.lu. H\u00e9bergeur : Hostinger, UAB Jonavos g. 60C, 44192 Kaunas, Lituanie. D\u00e9l\u00e9gu\u00e9 \u00e0 la protection des donn\u00e9es : Bob Kieffer \u2013 b.kieffer@konstrulux.lu. Autres contributeurs : 2 \u2013 Propri\u00e9t\u00e9 intellectuelle et contrefa\u00e7ons Konstrulux est propri\u00e9taire des droits de propri\u00e9t\u00e9 intellectuelle et d\u00e9tient les droits d\u2019usage sur tous [&hellip;]\" \/>\n<meta property=\"og:url\" content=\"https:\/\/konstrulux.lu\/en\/legal-information\/\" \/>\n<meta property=\"og:site_name\" content=\"Konstrulux\" \/>\n<meta property=\"article:modified_time\" content=\"2024-07-31T14:50:40+00:00\" \/>\n<meta property=\"og:image\" content=\"https:\/\/konstrulux.lu\/wp-content\/uploads\/2024\/07\/Konstrulux.jpg\" \/>\n\t<meta property=\"og:image:width\" content=\"1200\" \/>\n\t<meta property=\"og:image:height\" content=\"675\" \/>\n\t<meta property=\"og:image:type\" content=\"image\/jpeg\" \/>\n<meta name=\"twitter:card\" content=\"summary_large_image\" \/>\n<meta name=\"twitter:label1\" content=\"Estimated reading time\" \/>\n\t<meta name=\"twitter:data1\" content=\"4 minutes\" \/>\n<script type=\"application\/ld+json\" class=\"yoast-schema-graph\">{\"@context\":\"https:\\\/\\\/schema.org\",\"@graph\":[{\"@type\":\"WebPage\",\"@id\":\"https:\\\/\\\/konstrulux.lu\\\/mentions-legales\\\/\",\"url\":\"https:\\\/\\\/konstrulux.lu\\\/mentions-legales\\\/\",\"name\":\"Mentions l\u00e9gales - Konstrulux\",\"isPartOf\":{\"@id\":\"https:\\\/\\\/konstrulux.lu\\\/#website\"},\"datePublished\":\"2024-06-26T15:31:32+00:00\",\"dateModified\":\"2024-07-31T14:50:40+00:00\",\"breadcrumb\":{\"@id\":\"https:\\\/\\\/konstrulux.lu\\\/mentions-legales\\\/#breadcrumb\"},\"inLanguage\":\"en-GB\",\"potentialAction\":[{\"@type\":\"ReadAction\",\"target\":[\"https:\\\/\\\/konstrulux.lu\\\/mentions-legales\\\/\"]}]},{\"@type\":\"BreadcrumbList\",\"@id\":\"https:\\\/\\\/konstrulux.lu\\\/mentions-legales\\\/#breadcrumb\",\"itemListElement\":[{\"@type\":\"ListItem\",\"position\":1,\"name\":\"Accueil\",\"item\":\"https:\\\/\\\/konstrulux.lu\\\/\"},{\"@type\":\"ListItem\",\"position\":2,\"name\":\"Mentions l\u00e9gales\"}]},{\"@type\":\"WebSite\",\"@id\":\"https:\\\/\\\/konstrulux.lu\\\/#website\",\"url\":\"https:\\\/\\\/konstrulux.lu\\\/\",\"name\":\"Konstrulux\",\"description\":\"\",\"publisher\":{\"@id\":\"https:\\\/\\\/konstrulux.lu\\\/#organization\"},\"potentialAction\":[{\"@type\":\"SearchAction\",\"target\":{\"@type\":\"EntryPoint\",\"urlTemplate\":\"https:\\\/\\\/konstrulux.lu\\\/?s={search_term_string}\"},\"query-input\":{\"@type\":\"PropertyValueSpecification\",\"valueRequired\":true,\"valueName\":\"search_term_string\"}}],\"inLanguage\":\"en-GB\"},{\"@type\":\"Organization\",\"@id\":\"https:\\\/\\\/konstrulux.lu\\\/#organization\",\"name\":\"Konstrulux\",\"url\":\"https:\\\/\\\/konstrulux.lu\\\/\",\"logo\":{\"@type\":\"ImageObject\",\"inLanguage\":\"en-GB\",\"@id\":\"https:\\\/\\\/konstrulux.lu\\\/#\\\/schema\\\/logo\\\/image\\\/\",\"url\":\"https:\\\/\\\/konstrulux.lu\\\/wp-content\\\/uploads\\\/2024\\\/07\\\/logo-site-web.jpg\",\"contentUrl\":\"https:\\\/\\\/konstrulux.lu\\\/wp-content\\\/uploads\\\/2024\\\/07\\\/logo-site-web.jpg\",\"width\":696,\"height\":696,\"caption\":\"Konstrulux\"},\"image\":{\"@id\":\"https:\\\/\\\/konstrulux.lu\\\/#\\\/schema\\\/logo\\\/image\\\/\"}}]}<\/script>\n<!-- \/ Yoast SEO plugin. -->","yoast_head_json":{"title":"Legal information - Konstrulux","robots":{"index":"noindex","follow":"follow"},"og_locale":"en_GB","og_type":"article","og_title":"Mentions l\u00e9gales - Konstrulux","og_description":"M1 \u2013 \u00c9dition du site En vertu de l\u2019article 6 de la loi n\u00b0 2004-575 du 21 juin 2004 pour la confiance dans l\u2019\u00e9conomie num\u00e9rique, il est pr\u00e9cis\u00e9 aux utilisateurs du site internet konstrlux.lu l\u2019identit\u00e9 des diff\u00e9rents intervenants dans le cadre de sa r\u00e9alisation et de son suivi: Propri\u00e9taire du site : Konstrulux \u2013 Contact : b.kieffer@konstrulux.lu \u2013 +352 30 99 06 \u2013 Adresse : 1 Op der Dresch, L-8280 Kehlen, Luxembourg. Identification de l\u2019entreprise : SARL Konstrulux - Adresse postale : 1 Op der Dresch, L-8280 Kehlen, Luxembourg. Directeur de la publication : Bob Kieffer \u2013 Contact : b.kieffer@konstrulux.lu. H\u00e9bergeur : Hostinger, UAB Jonavos g. 60C, 44192 Kaunas, Lituanie. D\u00e9l\u00e9gu\u00e9 \u00e0 la protection des donn\u00e9es : Bob Kieffer \u2013 b.kieffer@konstrulux.lu. Autres contributeurs : 2 \u2013 Propri\u00e9t\u00e9 intellectuelle et contrefa\u00e7ons Konstrulux est propri\u00e9taire des droits de propri\u00e9t\u00e9 intellectuelle et d\u00e9tient les droits d\u2019usage sur tous [&hellip;]","og_url":"https:\/\/konstrulux.lu\/en\/legal-information\/","og_site_name":"Konstrulux","article_modified_time":"2024-07-31T14:50:40+00:00","og_image":[{"width":1200,"height":675,"url":"https:\/\/konstrulux.lu\/wp-content\/uploads\/2024\/07\/Konstrulux.jpg","type":"image\/jpeg"}],"twitter_card":"summary_large_image","twitter_misc":{"Estimated reading time":"4 minutes"},"schema":{"@context":"https:\/\/schema.org","@graph":[{"@type":"WebPage","@id":"https:\/\/konstrulux.lu\/mentions-legales\/","url":"https:\/\/konstrulux.lu\/mentions-legales\/","name":"Legal information - Konstrulux","isPartOf":{"@id":"https:\/\/konstrulux.lu\/#website"},"datePublished":"2024-06-26T15:31:32+00:00","dateModified":"2024-07-31T14:50:40+00:00","breadcrumb":{"@id":"https:\/\/konstrulux.lu\/mentions-legales\/#breadcrumb"},"inLanguage":"en-GB","potentialAction":[{"@type":"ReadAction","target":["https:\/\/konstrulux.lu\/mentions-legales\/"]}]},{"@type":"BreadcrumbList","@id":"https:\/\/konstrulux.lu\/mentions-legales\/#breadcrumb","itemListElement":[{"@type":"ListItem","position":1,"name":"Accueil","item":"https:\/\/konstrulux.lu\/"},{"@type":"ListItem","position":2,"name":"Mentions l\u00e9gales"}]},{"@type":"WebSite","@id":"https:\/\/konstrulux.lu\/#website","url":"https:\/\/konstrulux.lu\/","name":"Konstrulux","description":"","publisher":{"@id":"https:\/\/konstrulux.lu\/#organization"},"potentialAction":[{"@type":"SearchAction","target":{"@type":"EntryPoint","urlTemplate":"https:\/\/konstrulux.lu\/?s={search_term_string}"},"query-input":{"@type":"PropertyValueSpecification","valueRequired":true,"valueName":"search_term_string"}}],"inLanguage":"en-GB"},{"@type":"Organization","@id":"https:\/\/konstrulux.lu\/#organization","name":"Konstrulux","url":"https:\/\/konstrulux.lu\/","logo":{"@type":"ImageObject","inLanguage":"en-GB","@id":"https:\/\/konstrulux.lu\/#\/schema\/logo\/image\/","url":"https:\/\/konstrulux.lu\/wp-content\/uploads\/2024\/07\/logo-site-web.jpg","contentUrl":"https:\/\/konstrulux.lu\/wp-content\/uploads\/2024\/07\/logo-site-web.jpg","width":696,"height":696,"caption":"Konstrulux"},"image":{"@id":"https:\/\/konstrulux.lu\/#\/schema\/logo\/image\/"}}]}},"_links":{"self":[{"href":"https:\/\/konstrulux.lu\/en\/wp-json\/wp\/v2\/pages\/16","targetHints":{"allow":["GET"]}}],"collection":[{"href":"https:\/\/konstrulux.lu\/en\/wp-json\/wp\/v2\/pages"}],"about":[{"href":"https:\/\/konstrulux.lu\/en\/wp-json\/wp\/v2\/types\/page"}],"author":[{"embeddable":true,"href":"https:\/\/konstrulux.lu\/en\/wp-json\/wp\/v2\/users\/1"}],"replies":[{"embeddable":true,"href":"https:\/\/konstrulux.lu\/en\/wp-json\/wp\/v2\/comments?post=16"}],"version-history":[{"count":8,"href":"https:\/\/konstrulux.lu\/en\/wp-json\/wp\/v2\/pages\/16\/revisions"}],"predecessor-version":[{"id":230540,"href":"https:\/\/konstrulux.lu\/en\/wp-json\/wp\/v2\/pages\/16\/revisions\/230540"}],"wp:attachment":[{"href":"https:\/\/konstrulux.lu\/en\/wp-json\/wp\/v2\/media?parent=16"}],"wp:term":[{"taxonomy":"difl_page_category","embeddable":true,"href":"https:\/\/konstrulux.lu\/en\/wp-json\/wp\/v2\/difl_page_category?post=16"}],"curies":[{"name":"wp","href":"https:\/\/api.w.org\/{rel}","templated":true}]}}